{"id":838,"date":"2022-07-13T14:50:38","date_gmt":"2022-07-13T12:50:38","guid":{"rendered":"https:\/\/elfering-fleisch.com\/?page_id=838"},"modified":"2022-07-13T14:50:38","modified_gmt":"2022-07-13T12:50:38","slug":"zertifizierungen","status":"publish","type":"page","link":"https:\/\/elfering-fleisch.com\/en\/zertifizierungen\/","title":{"rendered":"Wodland"},"content":{"rendered":"<p>[vc_row][vc_column][\/vc_column][\/vc_row][vc_row][vc_column]<div id=\"ultimate-heading-50966a0760c465cb2\" class=\"uvc-heading ult-adjust-bottom-margin ultimate-heading-50966a0760c465cb2 uvc-4430 \" data-hspacer=\"no_spacer\"  data-halign=\"left\" style=\"text-align:left\"><div class=\"uvc-heading-spacer no_spacer\" style=\"top\"><\/div><div class=\"uvc-main-heading ult-responsive\"  data-ultimate-target='.uvc-heading.ultimate-heading-50966a0760c465cb2 h2'  data-responsive-json-new='{\"font-size\":\"desktop:24px;\",\"line-height\":\"\"}' ><h2 style=\"font-family:&#039;Roboto&#039;;font-weight:700;color:#13325e;\">Innereien<\/h2><\/div><div class=\"uvc-sub-heading ult-responsive\"  data-ultimate-target='.uvc-heading.ultimate-heading-50966a0760c465cb2 .uvc-sub-heading '  data-responsive-json-new='{\"font-size\":\"desktop:16px;\",\"line-height\":\"desktop:25px;\"}'  style=\"font-family:&#039;Roboto&#039;;font-weight:300;color:#000000;margin-top:15px;\">Elfering Export standardisiert die zur Verarbeitung zugelassenen Innereien: Leber, Niere, Herz und Zunge, f\u00fcr die gewerbliche Weiterverarbeitung. Unsere lokalen Zulieferer garantieren gleichbleibende Qualit\u00e4t und Frische unserer Produkte. Alle Lieferanten sind nach den g\u00e4ngigen Lebensmittelstandards zertifiziert.( IFS Food, ISO 22000, BRC, QS) Auf Kundenwunsch k\u00f6nnen ab 10To spezifische Sortierungen hergestellt werden.<\/div><\/div>[\/vc_column][\/vc_row][vc_row][vc_column][vc_row_inner gap=&#8221;15&#8243;][vc_column_inner width=&#8221;1\/3&#8243;][vc_single_image image=&#8221;541&#8243; img_size=&#8221;400&#215;400&#8243; style=&#8221;vc_box_shadow&#8221;]<div id=\"ultimate-heading-27276a0760c465d1c\" class=\"uvc-heading ult-adjust-bottom-margin ultimate-heading-27276a0760c465d1c uvc-3271 \" data-hspacer=\"no_spacer\"  data-halign=\"left\" style=\"text-align:left\"><div class=\"uvc-heading-spacer no_spacer\" style=\"top\"><\/div><div class=\"uvc-main-heading ult-responsive\"  data-ultimate-target='.uvc-heading.ultimate-heading-27276a0760c465d1c h3'  data-responsive-json-new='{\"font-size\":\"desktop:24px;\",\"line-height\":\"\"}' ><h3 style=\"font-family:&#039;Roboto&#039;;font-weight:700;color:#13325e;\">Test \u00dcberschrift<\/h3><\/div><div class=\"uvc-sub-heading ult-responsive\"  data-ultimate-target='.uvc-heading.ultimate-heading-27276a0760c465d1c .uvc-sub-heading '  data-responsive-json-new='{\"font-size\":\"desktop:16px;\",\"line-height\":\"desktop:25px;\"}'  style=\"font-family:&#039;Roboto&#039;;font-weight:300;color:#000000;margin-top:15px;\"><\/p>\n<p>Zum Produkt soundso nehmen<\/p>\n<p>Elfering Export GMBH<br \/>\nHeinrich Elfering<br \/>\nEnschederstr. 37<br \/>\n48683 Ahaus \u2013 Alst\u00e4tte<br \/>\n+49 2567 \u2013 9398 \u2013 0<br \/>\ninfo@elfering-fleisch.de<\/div><\/div>[\/vc_column_inner][vc_column_inner width=&#8221;1\/3&#8243;][vc_single_image image=&#8221;540&#8243; img_size=&#8221;400&#215;400&#8243; style=&#8221;vc_box_shadow&#8221;]<div id=\"ultimate-heading-33576a0760c465d57\" class=\"uvc-heading ult-adjust-bottom-margin ultimate-heading-33576a0760c465d57 uvc-8702 \" data-hspacer=\"no_spacer\"  data-halign=\"left\" style=\"text-align:left\"><div class=\"uvc-heading-spacer no_spacer\" style=\"top\"><\/div><div class=\"uvc-main-heading ult-responsive\"  data-ultimate-target='.uvc-heading.ultimate-heading-33576a0760c465d57 h3'  data-responsive-json-new='{\"font-size\":\"desktop:24px;\",\"line-height\":\"\"}' ><h3 style=\"font-family:&#039;Roboto&#039;;font-weight:700;color:#13325e;\">Test \u00dcberschrift<\/h3><\/div><div class=\"uvc-sub-heading ult-responsive\"  data-ultimate-target='.uvc-heading.ultimate-heading-33576a0760c465d57 .uvc-sub-heading '  data-responsive-json-new='{\"font-size\":\"desktop:16px;\",\"line-height\":\"desktop:25px;\"}'  style=\"font-family:&#039;Roboto&#039;;font-weight:300;color:#000000;margin-top:15px;\"><\/p>\n<p>Zum Produkt soundso nehmen<\/p>\n<p>Elfering Export GMBH<br \/>\nHeinrich Elfering<br \/>\nEnschederstr. 37<br \/>\n48683 Ahaus \u2013 Alst\u00e4tte<br \/>\n+49 2567 \u2013 9398 \u2013 0<br \/>\ninfo@elfering-fleisch.de<\/div><\/div>[\/vc_column_inner][vc_column_inner width=&#8221;1\/3&#8243;][vc_single_image image=&#8221;539&#8243; img_size=&#8221;400&#215;400&#8243; style=&#8221;vc_box_shadow&#8221;]<div id=\"ultimate-heading-56246a0760c465d88\" class=\"uvc-heading ult-adjust-bottom-margin ultimate-heading-56246a0760c465d88 uvc-5203 \" data-hspacer=\"no_spacer\"  data-halign=\"left\" style=\"text-align:left\"><div class=\"uvc-heading-spacer no_spacer\" style=\"top\"><\/div><div class=\"uvc-main-heading ult-responsive\"  data-ultimate-target='.uvc-heading.ultimate-heading-56246a0760c465d88 h3'  data-responsive-json-new='{\"font-size\":\"desktop:24px;\",\"line-height\":\"\"}' ><h3 style=\"font-family:&#039;Roboto&#039;;font-weight:700;color:#13325e;\">Test \u00dcberschrift<\/h3><\/div><div class=\"uvc-sub-heading ult-responsive\"  data-ultimate-target='.uvc-heading.ultimate-heading-56246a0760c465d88 .uvc-sub-heading '  data-responsive-json-new='{\"font-size\":\"desktop:16px;\",\"line-height\":\"desktop:25px;\"}'  style=\"font-family:&#039;Roboto&#039;;font-weight:300;color:#000000;margin-top:15px;\"><\/p>\n<p>Zum Produkt soundso nehmen<\/p>\n<p>Elfering Export GMBH<br \/>\nHeinrich Elfering<br \/>\nEnschederstr. 37<br \/>\n48683 Ahaus \u2013 Alst\u00e4tte<br \/>\n+49 2567 \u2013 9398 \u2013 0<br \/>\ninfo@elfering-fleisch.de<\/div><\/div>[\/vc_column_inner][\/vc_row_inner][vc_empty_space height=&#8221;10px&#8221;][vc_separator color=&#8221;custom&#8221; border_width=&#8221;2&#8243; el_width=&#8221;70&#8243; accent_color=&#8221;#13325e&#8221;][\/vc_column][\/vc_row][vc_row][vc_column][vc_single_image image=&#8221;534&#8243; img_size=&#8221;full&#8221;][\/vc_column][\/vc_row][vc_row][vc_column]<div id=\"ultimate-heading-21206a0760c465db3\" class=\"uvc-heading ult-adjust-bottom-margin ultimate-heading-21206a0760c465db3 uvc-4127 \" data-hspacer=\"no_spacer\"  data-halign=\"left\" style=\"text-align:left\"><div class=\"uvc-heading-spacer no_spacer\" style=\"top\"><\/div><div class=\"uvc-main-heading ult-responsive\"  data-ultimate-target='.uvc-heading.ultimate-heading-21206a0760c465db3 h2'  data-responsive-json-new='{\"font-size\":\"desktop:24px;\",\"line-height\":\"\"}' ><h2 style=\"font-family:&#039;Roboto&#039;;font-weight:700;color:#13325e;\">Innereien<\/h2><\/div><div class=\"uvc-sub-heading ult-responsive\"  data-ultimate-target='.uvc-heading.ultimate-heading-21206a0760c465db3 .uvc-sub-heading '  data-responsive-json-new='{\"font-size\":\"desktop:16px;\",\"line-height\":\"desktop:25px;\"}'  style=\"font-family:&#039;Roboto&#039;;font-weight:300;color:#000000;margin-top:15px;\">Elfering Export standardisiert die zur Verarbeitung zugelassenen Innereien: Leber, Niere, Herz und Zunge, f\u00fcr die gewerbliche Weiterverarbeitung. Unsere lokalen Zulieferer garantieren gleichbleibende Qualit\u00e4t und Frische unserer Produkte. Alle Lieferanten sind nach den g\u00e4ngigen Lebensmittelstandards zertifiziert.( IFS Food, ISO 22000, BRC, QS) Auf Kundenwunsch k\u00f6nnen ab 10To spezifische Sortierungen hergestellt werden.<\/div><\/div>[vc_empty_space height=&#8221;30px&#8221;][\/vc_column][\/vc_row][vc_row][vc_column][vc_row_inner gap=&#8221;15&#8243;][vc_column_inner width=&#8221;1\/3&#8243;][vc_single_image image=&#8221;541&#8243; img_size=&#8221;400&#215;400&#8243; style=&#8221;vc_box_shadow&#8221;]<div id=\"ultimate-heading-45636a0760c465ddd\" class=\"uvc-heading ult-adjust-bottom-margin ultimate-heading-45636a0760c465ddd uvc-7892 \" data-hspacer=\"no_spacer\"  data-halign=\"left\" style=\"text-align:left\"><div class=\"uvc-heading-spacer no_spacer\" style=\"top\"><\/div><div class=\"uvc-main-heading ult-responsive\"  data-ultimate-target='.uvc-heading.ultimate-heading-45636a0760c465ddd h3'  data-responsive-json-new='{\"font-size\":\"desktop:24px;\",\"line-height\":\"\"}' ><h3 style=\"font-family:&#039;Roboto&#039;;font-weight:700;color:#13325e;\">Test \u00dcberschrift<\/h3><\/div><div class=\"uvc-sub-heading ult-responsive\"  data-ultimate-target='.uvc-heading.ultimate-heading-45636a0760c465ddd .uvc-sub-heading '  data-responsive-json-new='{\"font-size\":\"desktop:16px;\",\"line-height\":\"desktop:25px;\"}'  style=\"font-family:&#039;Roboto&#039;;font-weight:300;color:#000000;margin-top:15px;\"><\/p>\n<p>Zum Produkt soundso nehmen<\/p>\n<p>Elfering Export GMBH<br \/>\nHeinrich Elfering<br \/>\nEnschederstr. 37<br \/>\n48683 Ahaus \u2013 Alst\u00e4tte<br \/>\n+49 2567 \u2013 9398 \u2013 0<br \/>\ninfo@elfering-fleisch.de<\/div><\/div>[\/vc_column_inner][vc_column_inner width=&#8221;1\/3&#8243;][vc_single_image image=&#8221;540&#8243; img_size=&#8221;400&#215;400&#8243; style=&#8221;vc_box_shadow&#8221;]<div id=\"ultimate-heading-83206a0760c465e0b\" class=\"uvc-heading ult-adjust-bottom-margin ultimate-heading-83206a0760c465e0b uvc-1858 \" data-hspacer=\"no_spacer\"  data-halign=\"left\" style=\"text-align:left\"><div class=\"uvc-heading-spacer no_spacer\" style=\"top\"><\/div><div class=\"uvc-main-heading ult-responsive\"  data-ultimate-target='.uvc-heading.ultimate-heading-83206a0760c465e0b h3'  data-responsive-json-new='{\"font-size\":\"desktop:24px;\",\"line-height\":\"\"}' ><h3 style=\"font-family:&#039;Roboto&#039;;font-weight:700;color:#13325e;\">Test \u00dcberschrift<\/h3><\/div><div class=\"uvc-sub-heading ult-responsive\"  data-ultimate-target='.uvc-heading.ultimate-heading-83206a0760c465e0b .uvc-sub-heading '  data-responsive-json-new='{\"font-size\":\"desktop:16px;\",\"line-height\":\"desktop:25px;\"}'  style=\"font-family:&#039;Roboto&#039;;font-weight:300;color:#000000;margin-top:15px;\"><\/p>\n<p>Zum Produkt soundso nehmen<\/p>\n<p>Elfering Export GMBH<br \/>\nHeinrich Elfering<br \/>\nEnschederstr. 37<br \/>\n48683 Ahaus \u2013 Alst\u00e4tte<br \/>\n+49 2567 \u2013 9398 \u2013 0<br \/>\ninfo@elfering-fleisch.de<\/div><\/div>[\/vc_column_inner][vc_column_inner width=&#8221;1\/3&#8243;][vc_single_image image=&#8221;539&#8243; img_size=&#8221;400&#215;400&#8243; style=&#8221;vc_box_shadow&#8221;]<div id=\"ultimate-heading-9396a0760c465e38\" class=\"uvc-heading ult-adjust-bottom-margin ultimate-heading-9396a0760c465e38 uvc-7512 \" data-hspacer=\"no_spacer\"  data-halign=\"left\" style=\"text-align:left\"><div class=\"uvc-heading-spacer no_spacer\" style=\"top\"><\/div><div class=\"uvc-main-heading ult-responsive\"  data-ultimate-target='.uvc-heading.ultimate-heading-9396a0760c465e38 h3'  data-responsive-json-new='{\"font-size\":\"desktop:24px;\",\"line-height\":\"\"}' ><h3 style=\"font-family:&#039;Roboto&#039;;font-weight:700;color:#13325e;\">Test \u00dcberschrift<\/h3><\/div><div class=\"uvc-sub-heading ult-responsive\"  data-ultimate-target='.uvc-heading.ultimate-heading-9396a0760c465e38 .uvc-sub-heading '  data-responsive-json-new='{\"font-size\":\"desktop:16px;\",\"line-height\":\"desktop:25px;\"}'  style=\"font-family:&#039;Roboto&#039;;font-weight:300;color:#000000;margin-top:15px;\"><\/p>\n<p>Zum Produkt soundso nehmen<\/p>\n<p>Elfering Export GMBH<br \/>\nHeinrich Elfering<br \/>\nEnschederstr. 37<br \/>\n48683 Ahaus \u2013 Alst\u00e4tte<br \/>\n+49 2567 \u2013 9398 \u2013 0<br \/>\ninfo@elfering-fleisch.de<\/div><\/div>[\/vc_column_inner][\/vc_row_inner][vc_empty_space height=&#8221;10px&#8221;][vc_separator color=&#8221;custom&#8221; border_width=&#8221;2&#8243; el_width=&#8221;70&#8243; accent_color=&#8221;#13325e&#8221;][\/vc_column][\/vc_row][vc_row][vc_column]<div id=\"ultimate-heading-77706a0760c465e6b\" class=\"uvc-heading ult-adjust-bottom-margin ultimate-heading-77706a0760c465e6b uvc-2350 \" data-hspacer=\"no_spacer\"  data-halign=\"left\" style=\"text-align:left\"><div class=\"uvc-heading-spacer no_spacer\" style=\"top\"><\/div><div class=\"uvc-main-heading ult-responsive\"  data-ultimate-target='.uvc-heading.ultimate-heading-77706a0760c465e6b h2'  data-responsive-json-new='{\"font-size\":\"desktop:24px;\",\"line-height\":\"\"}' ><h2 style=\"font-family:&#039;Roboto&#039;;font-weight:700;color:#13325e;\">Innereien<\/h2><\/div><div class=\"uvc-sub-heading ult-responsive\"  data-ultimate-target='.uvc-heading.ultimate-heading-77706a0760c465e6b .uvc-sub-heading '  data-responsive-json-new='{\"font-size\":\"desktop:16px;\",\"line-height\":\"desktop:25px;\"}'  style=\"font-family:&#039;Roboto&#039;;font-weight:300;color:#000000;margin-top:15px;\">Elfering Export standardisiert die zur Verarbeitung zugelassenen Innereien: Leber, Niere, Herz und Zunge, f\u00fcr die gewerbliche Weiterverarbeitung. Unsere lokalen Zulieferer garantieren gleichbleibende Qualit\u00e4t und Frische unserer Produkte. Alle Lieferanten sind nach den g\u00e4ngigen Lebensmittelstandards zertifiziert.( IFS Food, ISO 22000, BRC, QS) Auf Kundenwunsch k\u00f6nnen ab 10To spezifische Sortierungen hergestellt werden.<\/div><\/div>[vc_empty_space height=&#8221;30px&#8221;][\/vc_column][\/vc_row][vc_row][vc_column][vc_row_inner gap=&#8221;15&#8243;][vc_column_inner width=&#8221;1\/3&#8243;][vc_single_image image=&#8221;541&#8243; img_size=&#8221;400&#215;400&#8243; style=&#8221;vc_box_shadow&#8221;]<div id=\"ultimate-heading-75136a0760c465e96\" class=\"uvc-heading ult-adjust-bottom-margin ultimate-heading-75136a0760c465e96 uvc-2522 \" data-hspacer=\"no_spacer\"  data-halign=\"left\" style=\"text-align:left\"><div class=\"uvc-heading-spacer no_spacer\" style=\"top\"><\/div><div class=\"uvc-main-heading ult-responsive\"  data-ultimate-target='.uvc-heading.ultimate-heading-75136a0760c465e96 h3'  data-responsive-json-new='{\"font-size\":\"desktop:24px;\",\"line-height\":\"\"}' ><h3 style=\"font-family:&#039;Roboto&#039;;font-weight:700;color:#13325e;\">Test \u00dcberschrift<\/h3><\/div><div class=\"uvc-sub-heading ult-responsive\"  data-ultimate-target='.uvc-heading.ultimate-heading-75136a0760c465e96 .uvc-sub-heading '  data-responsive-json-new='{\"font-size\":\"desktop:16px;\",\"line-height\":\"desktop:25px;\"}'  style=\"font-family:&#039;Roboto&#039;;font-weight:300;color:#000000;margin-top:15px;\"><\/p>\n<p>Zum Produkt soundso nehmen<\/p>\n<p>Elfering Export GMBH<br \/>\nHeinrich Elfering<br \/>\nEnschederstr. 37<br \/>\n48683 Ahaus \u2013 Alst\u00e4tte<br \/>\n+49 2567 \u2013 9398 \u2013 0<br \/>\ninfo@elfering-fleisch.de<\/div><\/div>[\/vc_column_inner][vc_column_inner width=&#8221;1\/3&#8243;][vc_single_image image=&#8221;540&#8243; img_size=&#8221;400&#215;400&#8243; style=&#8221;vc_box_shadow&#8221;]<div id=\"ultimate-heading-39436a0760c465ec3\" class=\"uvc-heading ult-adjust-bottom-margin ultimate-heading-39436a0760c465ec3 uvc-5667 \" data-hspacer=\"no_spacer\"  data-halign=\"left\" style=\"text-align:left\"><div class=\"uvc-heading-spacer no_spacer\" style=\"top\"><\/div><div class=\"uvc-main-heading ult-responsive\"  data-ultimate-target='.uvc-heading.ultimate-heading-39436a0760c465ec3 h3'  data-responsive-json-new='{\"font-size\":\"desktop:24px;\",\"line-height\":\"\"}' ><h3 style=\"font-family:&#039;Roboto&#039;;font-weight:700;color:#13325e;\">Test \u00dcberschrift<\/h3><\/div><div class=\"uvc-sub-heading ult-responsive\"  data-ultimate-target='.uvc-heading.ultimate-heading-39436a0760c465ec3 .uvc-sub-heading '  data-responsive-json-new='{\"font-size\":\"desktop:16px;\",\"line-height\":\"desktop:25px;\"}'  style=\"font-family:&#039;Roboto&#039;;font-weight:300;color:#000000;margin-top:15px;\"><\/p>\n<p>Zum Produkt soundso nehmen<\/p>\n<p>Elfering Export GMBH<br \/>\nHeinrich Elfering<br \/>\nEnschederstr. 37<br \/>\n48683 Ahaus \u2013 Alst\u00e4tte<br \/>\n+49 2567 \u2013 9398 \u2013 0<br \/>\ninfo@elfering-fleisch.de<\/div><\/div>[\/vc_column_inner][vc_column_inner width=&#8221;1\/3&#8243;][vc_single_image image=&#8221;539&#8243; img_size=&#8221;400&#215;400&#8243; style=&#8221;vc_box_shadow&#8221;]<div id=\"ultimate-heading-27396a0760c465ef3\" class=\"uvc-heading ult-adjust-bottom-margin ultimate-heading-27396a0760c465ef3 uvc-7830 \" data-hspacer=\"no_spacer\"  data-halign=\"left\" style=\"text-align:left\"><div class=\"uvc-heading-spacer no_spacer\" style=\"top\"><\/div><div class=\"uvc-main-heading ult-responsive\"  data-ultimate-target='.uvc-heading.ultimate-heading-27396a0760c465ef3 h3'  data-responsive-json-new='{\"font-size\":\"desktop:24px;\",\"line-height\":\"\"}' ><h3 style=\"font-family:&#039;Roboto&#039;;font-weight:700;color:#13325e;\">Test \u00dcberschrift<\/h3><\/div><div class=\"uvc-sub-heading ult-responsive\"  data-ultimate-target='.uvc-heading.ultimate-heading-27396a0760c465ef3 .uvc-sub-heading '  data-responsive-json-new='{\"font-size\":\"desktop:16px;\",\"line-height\":\"desktop:25px;\"}'  style=\"font-family:&#039;Roboto&#039;;font-weight:300;color:#000000;margin-top:15px;\"><\/p>\n<p>Zum Produkt soundso nehmen<\/p>\n<p>Elfering Export GMBH<br \/>\nHeinrich Elfering<br \/>\nEnschederstr. 37<br \/>\n48683 Ahaus \u2013 Alst\u00e4tte<br \/>\n+49 2567 \u2013 9398 \u2013 0<br \/>\ninfo@elfering-fleisch.de<\/div><\/div>[\/vc_column_inner][\/vc_row_inner][vc_empty_space height=&#8221;10px&#8221;][vc_separator color=&#8221;custom&#8221; border_width=&#8221;2&#8243; el_width=&#8221;70&#8243; accent_color=&#8221;#13325e&#8221;][\/vc_column][\/vc_row][vc_row][vc_column][vc_single_image image=&#8221;534&#8243; img_size=&#8221;full&#8221;][\/vc_column][\/vc_row]<\/p>\n","protected":false},"excerpt":{"rendered":"<p>[vc_row][vc_column][\/vc_column][\/vc_row][vc_row][vc_column][\/vc_column][\/vc_row][vc_row][vc_column][vc_row_inner gap=&#8221;15&#8243;][vc_column_inner width=&#8221;1\/3&#8243;][vc_single_image image=&#8221;541&#8243; img_size=&#8221;400&#215;400&#8243; style=&#8221;vc_box_shadow&#8221;][\/vc_column_inner][vc_column_inner width=&#8221;1\/3&#8243;][vc_single_image image=&#8221;540&#8243; img_size=&#8221;400&#215;400&#8243; style=&#8221;vc_box_shadow&#8221;][\/vc_column_inner][vc_column_inner width=&#8221;1\/3&#8243;][vc_single_image image=&#8221;539&#8243; img_size=&#8221;400&#215;400&#8243; style=&#8221;vc_box_shadow&#8221;][\/vc_column_inner][\/vc_row_inner][vc_empty_space height=&#8221;10px&#8221;][vc_separator color=&#8221;custom&#8221; border_width=&#8221;2&#8243; el_width=&#8221;70&#8243; accent_color=&#8221;#13325e&#8221;][\/vc_column][\/vc_row][vc_row][vc_column][vc_single_image image=&#8221;534&#8243; img_size=&#8221;full&#8221;][\/vc_column][\/vc_row][vc_row][vc_column][vc_empty_space height=&#8221;30px&#8221;][\/vc_column][\/vc_row][vc_row][vc_column][vc_row_inner gap=&#8221;15&#8243;][vc_column_inner width=&#8221;1\/3&#8243;][vc_single_image image=&#8221;541&#8243; img_size=&#8221;400&#215;400&#8243; style=&#8221;vc_box_shadow&#8221;][\/vc_column_inner][vc_column_inner width=&#8221;1\/3&#8243;][vc_single_image image=&#8221;540&#8243; img_size=&#8221;400&#215;400&#8243; style=&#8221;vc_box_shadow&#8221;][\/vc_column_inner][vc_column_inner width=&#8221;1\/3&#8243;][vc_single_image image=&#8221;539&#8243; img_size=&#8221;400&#215;400&#8243; style=&#8221;vc_box_shadow&#8221;][\/vc_column_inner][\/vc_row_inner][vc_empty_space height=&#8221;10px&#8221;][vc_separator color=&#8221;custom&#8221; border_width=&#8221;2&#8243; el_width=&#8221;70&#8243; accent_color=&#8221;#13325e&#8221;][\/vc_column][\/vc_row][vc_row][vc_column][vc_empty_space height=&#8221;30px&#8221;][\/vc_column][\/vc_row][vc_row][vc_column][vc_row_inner gap=&#8221;15&#8243;][vc_column_inner width=&#8221;1\/3&#8243;][vc_single_image image=&#8221;541&#8243; img_size=&#8221;400&#215;400&#8243; style=&#8221;vc_box_shadow&#8221;][\/vc_column_inner][vc_column_inner width=&#8221;1\/3&#8243;][vc_single_image image=&#8221;540&#8243; img_size=&#8221;400&#215;400&#8243; style=&#8221;vc_box_shadow&#8221;][\/vc_column_inner][vc_column_inner width=&#8221;1\/3&#8243;][vc_single_image image=&#8221;539&#8243; img_size=&#8221;400&#215;400&#8243; style=&#8221;vc_box_shadow&#8221;][\/vc_column_inner][\/vc_row_inner][vc_empty_space height=&#8221;10px&#8221;][vc_separator&hellip;<\/p>\n","protected":false},"author":3,"featured_media":0,"parent":0,"menu_order":0,"comment_status":"closed","ping_status":"closed","template":"","meta":[],"translation":{"provider":"WPGlobus","version":"2.8.6","language":"en","enabled_languages":["de","en"],"languages":{"de":{"title":true,"content":true,"excerpt":false},"en":{"title":true,"content":true,"excerpt":false}}},"_links":{"self":[{"href":"https:\/\/elfering-fleisch.com\/en\/wp-json\/wp\/v2\/pages\/838"}],"collection":[{"href":"https:\/\/elfering-fleisch.com\/en\/wp-json\/wp\/v2\/pages"}],"about":[{"href":"https:\/\/elfering-fleisch.com\/en\/wp-json\/wp\/v2\/types\/page"}],"author":[{"embeddable":true,"href":"https:\/\/elfering-fleisch.com\/en\/wp-json\/wp\/v2\/users\/3"}],"replies":[{"embeddable":true,"href":"https:\/\/elfering-fleisch.com\/en\/wp-json\/wp\/v2\/comments?post=838"}],"version-history":[{"count":13,"href":"https:\/\/elfering-fleisch.com\/en\/wp-json\/wp\/v2\/pages\/838\/revisions"}],"predecessor-version":[{"id":854,"href":"https:\/\/elfering-fleisch.com\/en\/wp-json\/wp\/v2\/pages\/838\/revisions\/854"}],"wp:attachment":[{"href":"https:\/\/elfering-fleisch.com\/en\/wp-json\/wp\/v2\/media?parent=838"}],"curies":[{"name":"wp","href":"https:\/\/api.w.org\/{rel}","templated":true}]}}