{"id":549,"date":"2021-04-10T07:36:50","date_gmt":"2021-04-10T07:36:50","guid":{"rendered":"https:\/\/elfering-fleisch.com\/?page_id=549"},"modified":"2021-11-03T11:34:17","modified_gmt":"2021-11-03T10:34:17","slug":"mikrobiologie","status":"publish","type":"page","link":"https:\/\/elfering-fleisch.com\/en\/mikrobiologie\/","title":{"rendered":"Mikrobiologie"},"content":{"rendered":"<p>[vc_row][vc_column][vc_column_text]Alle Produkte werden regelm\u00e4\u00dfig nach einem risikobasierten Probenplan mikrobiologisch getestet. Schwermetall- und Pestitzidr\u00fcckst\u00e4nde werden durch den<a href=\"https:\/\/www.bvl.bund.de\/DE\/Arbeitsbereiche\/01_Lebensmittel\/01_Aufgaben\/02_AmtlicheLebensmittelueberwachung\/05_NRKP\/lm_nrkp_node.html\"> nationalen R\u00fcckstandskontrollplan<\/a> sowie durch beigestellte Lieferantenanalysen \u00fcberwacht. Chargenbezogene Analysen k\u00f6nnen 14 Tage vor Auslieferung der Ware vom Kunden beauftragt werden. Mikrobiologische Untersuchungen werden durch externes Labor <a href=\"https:\/\/www.bio-diagnostix.de\/de\/\">Bio-Diagnostix<\/a> in Reken durchgef\u00fchrt[\/vc_column_text][\/vc_column][\/vc_row]<\/p>\n","protected":false},"excerpt":{"rendered":"<p>[vc_row][vc_column][vc_column_text]Alle Produkte werden regelm\u00e4\u00dfig nach einem risikobasierten Probenplan mikrobiologisch getestet. Schwermetall- und Pestitzidr\u00fcckst\u00e4nde werden durch den nationalen R\u00fcckstandskontrollplan sowie durch beigestellte Lieferantenanalysen \u00fcberwacht. Chargenbezogene Analysen k\u00f6nnen 14 Tage vor Auslieferung der Ware vom Kunden beauftragt werden. Mikrobiologische Untersuchungen werden durch externes Labor Bio-Diagnostix in Reken durchgef\u00fchrt[\/vc_column_text][\/vc_column][\/vc_row]<\/p>\n","protected":false},"author":2,"featured_media":0,"parent":0,"menu_order":0,"comment_status":"closed","ping_status":"closed","template":"","meta":[],"translation":{"provider":"WPGlobus","version":"2.8.6","language":"en","enabled_languages":["de","en"],"languages":{"de":{"title":true,"content":true,"excerpt":false},"en":{"title":false,"content":true,"excerpt":false}}},"_links":{"self":[{"href":"https:\/\/elfering-fleisch.com\/en\/wp-json\/wp\/v2\/pages\/549"}],"collection":[{"href":"https:\/\/elfering-fleisch.com\/en\/wp-json\/wp\/v2\/pages"}],"about":[{"href":"https:\/\/elfering-fleisch.com\/en\/wp-json\/wp\/v2\/types\/page"}],"author":[{"embeddable":true,"href":"https:\/\/elfering-fleisch.com\/en\/wp-json\/wp\/v2\/users\/2"}],"replies":[{"embeddable":true,"href":"https:\/\/elfering-fleisch.com\/en\/wp-json\/wp\/v2\/comments?post=549"}],"version-history":[{"count":6,"href":"https:\/\/elfering-fleisch.com\/en\/wp-json\/wp\/v2\/pages\/549\/revisions"}],"predecessor-version":[{"id":757,"href":"https:\/\/elfering-fleisch.com\/en\/wp-json\/wp\/v2\/pages\/549\/revisions\/757"}],"wp:attachment":[{"href":"https:\/\/elfering-fleisch.com\/en\/wp-json\/wp\/v2\/media?parent=549"}],"curies":[{"name":"wp","href":"https:\/\/api.w.org\/{rel}","templated":true}]}}