{"id":473,"date":"2020-11-29T06:20:27","date_gmt":"2020-11-29T06:20:27","guid":{"rendered":"https:\/\/elfering-fleisch.com\/?page_id=473"},"modified":"2021-12-22T15:11:27","modified_gmt":"2021-12-22T14:11:27","slug":"knochen","status":"publish","type":"page","link":"https:\/\/elfering-fleisch.com\/en\/knochen\/","title":{"rendered":"Bones"},"content":{"rendered":"<p>[vc_row][vc_column][vc_single_image image=&#8221;561&#8243; img_size=&#8221;full&#8221;][\/vc_column][\/vc_row][vc_row][vc_column]<div id=\"ultimate-heading-680669d26e7dd5435\" class=\"uvc-heading ult-adjust-bottom-margin ultimate-heading-680669d26e7dd5435 uvc-7888 \" data-hspacer=\"no_spacer\"  data-halign=\"left\" style=\"text-align:left\"><div class=\"uvc-heading-spacer no_spacer\" style=\"top\"><\/div><div class=\"uvc-main-heading ult-responsive\"  data-ultimate-target='.uvc-heading.ultimate-heading-680669d26e7dd5435 h2'  data-responsive-json-new='{\"font-size\":\"desktop:24px;\",\"line-height\":\"\"}' ><h2 style=\"font-family:&#039;Roboto&#039;;font-weight:700;color:#13325e;\">Knochen<\/h2><\/div><div class=\"uvc-sub-heading ult-responsive\"  data-ultimate-target='.uvc-heading.ultimate-heading-680669d26e7dd5435 .uvc-sub-heading '  data-responsive-json-new='{\"font-size\":\"desktop:16px;\",\"line-height\":\"desktop:25px;\"}'  style=\"font-family:&#039;Roboto&#039;;font-weight:300;color:#000000;margin-top:15px;\">Elfering standardisiert Bauchrippen und Kotelettrippen in verschiedenen Zuschnitten. Ab 10 to k\u00f6nnen kundenspezifische Spezialschnitte realisiert werden. Alle Produkte werden regelm\u00e4\u00dfig durch externe Labore analysiert. Viele weitere Produkte auf Anfrage<\/div><\/div>[vc_empty_space height=&#8221;30px&#8221;][\/vc_column][\/vc_row][vc_row][vc_column][vc_row_inner gap=&#8221;15&#8243;][vc_column_inner width=&#8221;1\/3&#8243;][vc_single_image image=&#8221;566&#8243; img_size=&#8221;400&#215;400&#8243; style=&#8221;vc_box_shadow&#8221;]<div id=\"ultimate-heading-393369d26e7dd54b3\" class=\"uvc-heading ult-adjust-bottom-margin ultimate-heading-393369d26e7dd54b3 uvc-7162 \" data-hspacer=\"no_spacer\"  data-halign=\"left\" style=\"text-align:left\"><div class=\"uvc-heading-spacer no_spacer\" style=\"top\"><\/div><div class=\"uvc-main-heading ult-responsive\"  data-ultimate-target='.uvc-heading.ultimate-heading-393369d26e7dd54b3 h3'  data-responsive-json-new='{\"font-size\":\"desktop:24px;\",\"line-height\":\"\"}' ><h3 style=\"font-family:&#039;Roboto&#039;;font-weight:700;color:#13325e;\">pork loinribs<\/h3><\/div><div class=\"uvc-sub-heading ult-responsive\"  data-ultimate-target='.uvc-heading.ultimate-heading-393369d26e7dd54b3 .uvc-sub-heading '  data-responsive-json-new='{\"font-size\":\"desktop:16px;\",\"line-height\":\"desktop:25px;\"}'  style=\"font-family:&#039;Roboto&#039;;font-weight:300;color:#000000;margin-top:15px;\">description: pork loinribs<\/p>\n<p>Mikrobiologie: entspricht <a href=\"https:\/\/eur-lex.europa.eu\/legal-content\/DE\/LSU\/?uri=CELEX:32005R2073\">2073\/2005<\/a><\/p>\n<p>packaging: Inland: H1 pallet, 10 Kg carton, Export: wooden industrial pallet 10 kg carton<\/div><\/div>[\/vc_column_inner][vc_column_inner width=&#8221;1\/3&#8243;][vc_single_image image=&#8221;565&#8243; img_size=&#8221;400&#215;400&#8243; style=&#8221;vc_box_shadow&#8221;]<div id=\"ultimate-heading-251369d26e7dd54fc\" class=\"uvc-heading ult-adjust-bottom-margin ultimate-heading-251369d26e7dd54fc uvc-4465 \" data-hspacer=\"no_spacer\"  data-halign=\"left\" style=\"text-align:left\"><div class=\"uvc-heading-spacer no_spacer\" style=\"top\"><\/div><div class=\"uvc-main-heading ult-responsive\"  data-ultimate-target='.uvc-heading.ultimate-heading-251369d26e7dd54fc h3'  data-responsive-json-new='{\"font-size\":\"desktop:24px;\",\"line-height\":\"\"}' ><h3 style=\"font-family:&#039;Roboto&#039;;font-weight:700;color:#13325e;\">pork softbones carton<\/h3><\/div><div class=\"uvc-sub-heading ult-responsive\"  data-ultimate-target='.uvc-heading.ultimate-heading-251369d26e7dd54fc .uvc-sub-heading '  data-responsive-json-new='{\"font-size\":\"desktop:16px;\",\"line-height\":\"desktop:25px;\"}'  style=\"font-family:&#039;Roboto&#039;;font-weight:300;color:#000000;margin-top:15px;\">description: pork softbones<\/p>\n<p>Mikrobiologie: entspricht 2073\/2005<\/p>\n<p>packaging: Inland: H1 pallet, 10 Kg carton, Export: wooden industrial pallet 10 kg carton<\/div><\/div>[\/vc_column_inner][vc_column_inner width=&#8221;1\/3&#8243;][vc_single_image image=&#8221;564&#8243; img_size=&#8221;400&#215;400&#8243; style=&#8221;vc_box_shadow&#8221;]<div id=\"ultimate-heading-543969d26e7dd553e\" class=\"uvc-heading ult-adjust-bottom-margin ultimate-heading-543969d26e7dd553e uvc-7512 \" data-hspacer=\"no_spacer\"  data-halign=\"left\" style=\"text-align:left\"><div class=\"uvc-heading-spacer no_spacer\" style=\"top\"><\/div><div class=\"uvc-main-heading ult-responsive\"  data-ultimate-target='.uvc-heading.ultimate-heading-543969d26e7dd553e h3'  data-responsive-json-new='{\"font-size\":\"desktop:24px;\",\"line-height\":\"\"}' ><h3 style=\"font-family:&#039;Roboto&#039;;font-weight:700;color:#13325e;\">pork breastbone (sternum)<\/h3><\/div><div class=\"uvc-sub-heading ult-responsive\"  data-ultimate-target='.uvc-heading.ultimate-heading-543969d26e7dd553e .uvc-sub-heading '  data-responsive-json-new='{\"font-size\":\"desktop:16px;\",\"line-height\":\"desktop:25px;\"}'  style=\"font-family:&#039;Roboto&#039;;font-weight:300;color:#000000;margin-top:15px;\">Beschreibung: pork breastbone (sternum)<\/p>\n<p>Mikrobiologie: entspricht <a href=\"https:\/\/eur-lex.europa.eu\/legal-content\/DE\/LSU\/?uri=CELEX:32005R2073\">2073\/2005<\/a><\/p>\n<p>packagiung: Inland: H1 pallet, 10 Kg carton, Export: wooden industral pallet 10 kg carton<\/div><\/div>[\/vc_column_inner][\/vc_row_inner][vc_empty_space height=&#8221;10px&#8221;][vc_separator color=&#8221;custom&#8221; border_width=&#8221;2&#8243; el_width=&#8221;70&#8243; accent_color=&#8221;#13325e&#8221;][\/vc_column][\/vc_row][vc_row][vc_column][vc_row_inner gap=&#8221;15&#8243;][vc_column_inner width=&#8221;1\/3&#8243;][vc_single_image image=&#8221;570&#8243; img_size=&#8221;400&#215;400&#8243; style=&#8221;vc_box_shadow&#8221;]<div id=\"ultimate-heading-673669d26e7dd557e\" class=\"uvc-heading ult-adjust-bottom-margin ultimate-heading-673669d26e7dd557e uvc-5071 \" data-hspacer=\"no_spacer\"  data-halign=\"left\" style=\"text-align:left\"><div class=\"uvc-heading-spacer no_spacer\" style=\"top\"><\/div><div class=\"uvc-main-heading ult-responsive\"  data-ultimate-target='.uvc-heading.ultimate-heading-673669d26e7dd557e h3'  data-responsive-json-new='{\"font-size\":\"desktop:24px;\",\"line-height\":\"\"}' ><h3 style=\"font-family:&#039;Roboto&#039;;font-weight:700;color:#13325e;\">S-Schwanzknochen kurz<\/h3><\/div><div class=\"uvc-sub-heading ult-responsive\"  data-ultimate-target='.uvc-heading.ultimate-heading-673669d26e7dd557e .uvc-sub-heading '  data-responsive-json-new='{\"font-size\":\"desktop:16px;\",\"line-height\":\"desktop:25px;\"}'  style=\"font-family:&#039;Roboto&#039;;font-weight:300;color:#000000;margin-top:15px;\">Beschreibung: Schweineschwanzknochen kurz geschnitten<\/p>\n<p>Mikrobiologie: entspricht 2073\/2005<\/p>\n<p>Verpackung: Inland: H1 Palette, 10 Kg Karton, Export: Holz Industriepalette 10 kg Karton<\/div><\/div>[\/vc_column_inner][vc_column_inner width=&#8221;1\/3&#8243;][vc_single_image image=&#8221;571&#8243; img_size=&#8221;400&#215;400&#8243; style=&#8221;vc_box_shadow&#8221;]<div id=\"ultimate-heading-579269d26e7dd55bd\" class=\"uvc-heading ult-adjust-bottom-margin ultimate-heading-579269d26e7dd55bd uvc-789 \" data-hspacer=\"no_spacer\"  data-halign=\"left\" style=\"text-align:left\"><div class=\"uvc-heading-spacer no_spacer\" style=\"top\"><\/div><div class=\"uvc-main-heading ult-responsive\"  data-ultimate-target='.uvc-heading.ultimate-heading-579269d26e7dd55bd h3'  data-responsive-json-new='{\"font-size\":\"desktop:24px;\",\"line-height\":\"\"}' ><h3 style=\"font-family:&#039;Roboto&#039;;font-weight:700;color:#13325e;\">S-Schwanzknochen, lang<\/h3><\/div><div class=\"uvc-sub-heading ult-responsive\"  data-ultimate-target='.uvc-heading.ultimate-heading-579269d26e7dd55bd .uvc-sub-heading '  data-responsive-json-new='{\"font-size\":\"desktop:16px;\",\"line-height\":\"desktop:25px;\"}'  style=\"font-family:&#039;Roboto&#039;;font-weight:300;color:#000000;margin-top:15px;\">Beschreibung: Schweineschwanzknochen lang<\/p>\n<p>Mikrobiologie: entspricht 2073\/2005<\/p>\n<p>Verpackung: Inland: H1 Palette, 10 Kg Karton, Export: Holz Industriepalette 10 kg Karton<\/div><\/div>[\/vc_column_inner][vc_column_inner width=&#8221;1\/3&#8243;][vc_single_image image=&#8221;573&#8243; img_size=&#8221;400&#215;400&#8243; style=&#8221;vc_box_shadow&#8221;]<div id=\"ultimate-heading-621969d26e7dd55fd\" class=\"uvc-heading ult-adjust-bottom-margin ultimate-heading-621969d26e7dd55fd uvc-9099 \" data-hspacer=\"no_spacer\"  data-halign=\"left\" style=\"text-align:left\"><div class=\"uvc-heading-spacer no_spacer\" style=\"top\"><\/div><div class=\"uvc-main-heading ult-responsive\"  data-ultimate-target='.uvc-heading.ultimate-heading-621969d26e7dd55fd h3'  data-responsive-json-new='{\"font-size\":\"desktop:24px;\",\"line-height\":\"\"}' ><h3 style=\"font-family:&#039;Roboto&#039;;font-weight:700;color:#13325e;\">S-Hinterpfote<\/h3><\/div><div class=\"uvc-sub-heading ult-responsive\"  data-ultimate-target='.uvc-heading.ultimate-heading-621969d26e7dd55fd .uvc-sub-heading '  data-responsive-json-new='{\"font-size\":\"desktop:16px;\",\"line-height\":\"desktop:25px;\"}'  style=\"font-family:&#039;Roboto&#039;;font-weight:300;color:#000000;margin-top:15px;\">Beschreibung: Schweinehinterpfote, ohne Borste, ges\u00e4gt<\/p>\n<p>Mikrobiologie: entspricht 2073\/2005<\/p>\n<p>Verpackung: Inland: H1 Palette, 10 Kg Karton, Export: Holz Industriepalette 10 kg Karton<\/div><\/div>[\/vc_column_inner][\/vc_row_inner][vc_empty_space height=&#8221;10px&#8221;][vc_separator color=&#8221;custom&#8221; border_width=&#8221;2&#8243; el_width=&#8221;70&#8243; accent_color=&#8221;#13325e&#8221;][\/vc_column][\/vc_row][vc_row][vc_column][vc_row_inner gap=&#8221;15&#8243;][vc_column_inner width=&#8221;1\/3&#8243;][vc_single_image image=&#8221;563&#8243; img_size=&#8221;400&#215;400&#8243; style=&#8221;vc_box_shadow&#8221;]<div id=\"ultimate-heading-203369d26e7dd563a\" class=\"uvc-heading ult-adjust-bottom-margin ultimate-heading-203369d26e7dd563a uvc-6463 \" data-hspacer=\"no_spacer\"  data-halign=\"left\" style=\"text-align:left\"><div class=\"uvc-heading-spacer no_spacer\" style=\"top\"><\/div><div class=\"uvc-main-heading ult-responsive\"  data-ultimate-target='.uvc-heading.ultimate-heading-203369d26e7dd563a h3'  data-responsive-json-new='{\"font-size\":\"desktop:24px;\",\"line-height\":\"\"}' ><h3 style=\"font-family:&#039;Roboto&#039;;font-weight:700;color:#13325e;\">-S-Brustrippe<\/h3><\/div><div class=\"uvc-sub-heading ult-responsive\"  data-ultimate-target='.uvc-heading.ultimate-heading-203369d26e7dd563a .uvc-sub-heading '  data-responsive-json-new='{\"font-size\":\"desktop:16px;\",\"line-height\":\"desktop:25px;\"}'  style=\"font-family:&#039;Roboto&#039;;font-weight:300;color:#000000;margin-top:15px;\">Beschreibung: Schweinebrustrippe<\/p>\n<p>Mikrobiologie: entspricht 2073\/2005<\/p>\n<p>Verpackung: Inland: H1 Palette, 10 Kg Karton, Export: Holz Industriepalette 10 kg Karton<\/div><\/div>[\/vc_column_inner][vc_column_inner width=&#8221;1\/3&#8243;][vc_single_image image=&#8221;562&#8243; img_size=&#8221;400&#215;400&#8243; style=&#8221;vc_box_shadow&#8221;]<div id=\"ultimate-heading-720869d26e7dd567b\" class=\"uvc-heading ult-adjust-bottom-margin ultimate-heading-720869d26e7dd567b uvc-3878 \" data-hspacer=\"no_spacer\"  data-halign=\"left\" style=\"text-align:left\"><div class=\"uvc-heading-spacer no_spacer\" style=\"top\"><\/div><div class=\"uvc-main-heading ult-responsive\"  data-ultimate-target='.uvc-heading.ultimate-heading-720869d26e7dd567b h3'  data-responsive-json-new='{\"font-size\":\"desktop:24px;\",\"line-height\":\"\"}' ><h3 style=\"font-family:&#039;Roboto&#039;;font-weight:700;color:#13325e;\">S-Bauchrippe gezogen, Pianobone<\/h3><\/div><div class=\"uvc-sub-heading ult-responsive\"  data-ultimate-target='.uvc-heading.ultimate-heading-720869d26e7dd567b .uvc-sub-heading '  data-responsive-json-new='{\"font-size\":\"desktop:16px;\",\"line-height\":\"desktop:25px;\"}'  style=\"font-family:&#039;Roboto&#039;;font-weight:300;color:#000000;margin-top:15px;\">Beschreibung: Schweinebauchrippe gezogen<\/p>\n<p>Mikrobiologie: entspricht 2073\/2005<\/p>\n<p>Verpackung: Inland: H1 Palette, 10 Kg Karton, Export: Holz Industriepalette 10 kg Karton<\/div><\/div>[\/vc_column_inner][vc_column_inner width=&#8221;1\/3&#8243;][vc_single_image image=&#8221;562&#8243; img_size=&#8221;400&#215;400&#8243; style=&#8221;vc_box_shadow&#8221;]<div id=\"ultimate-heading-47169d26e7dd56ba\" class=\"uvc-heading ult-adjust-bottom-margin ultimate-heading-47169d26e7dd56ba uvc-5529 \" data-hspacer=\"no_spacer\"  data-halign=\"left\" style=\"text-align:left\"><div class=\"uvc-heading-spacer no_spacer\" style=\"top\"><\/div><div class=\"uvc-main-heading ult-responsive\"  data-ultimate-target='.uvc-heading.ultimate-heading-47169d26e7dd56ba h3'  data-responsive-json-new='{\"font-size\":\"desktop:24px;\",\"line-height\":\"\"}' ><h3 style=\"font-family:&#039;Roboto&#039;;font-weight:700;color:#13325e;\">S-Bauchrippe gezogen, Pianobone<\/h3><\/div><div class=\"uvc-sub-heading ult-responsive\"  data-ultimate-target='.uvc-heading.ultimate-heading-47169d26e7dd56ba .uvc-sub-heading '  data-responsive-json-new='{\"font-size\":\"desktop:16px;\",\"line-height\":\"desktop:25px;\"}'  style=\"font-family:&#039;Roboto&#039;;font-weight:300;color:#000000;margin-top:15px;\">Beschreibung: Schweinebauchrippe gezogen<\/p>\n<p>Mikrobiologie: entspricht 2073\/2005<\/p>\n<p>Verpackung: Inland: H1 Palette, 10 Kg Karton, Export: Holz Industriepalette 10 kg Karton<\/div><\/div>[\/vc_column_inner][\/vc_row_inner][vc_empty_space height=&#8221;10px&#8221;][vc_separator color=&#8221;custom&#8221; border_width=&#8221;2&#8243; el_width=&#8221;70&#8243; accent_color=&#8221;#13325e&#8221;][\/vc_column][\/vc_row][vc_row][vc_column][vc_row_inner gap=&#8221;15&#8243;][vc_column_inner width=&#8221;1\/3&#8243;][\/vc_column_inner][vc_column_inner width=&#8221;1\/3&#8243;][\/vc_column_inner][vc_column_inner width=&#8221;1\/3&#8243;][\/vc_column_inner][\/vc_row_inner][vc_empty_space height=&#8221;10px&#8221;][vc_separator color=&#8221;custom&#8221; border_width=&#8221;2&#8243; el_width=&#8221;70&#8243; accent_color=&#8221;#13325e&#8221;][\/vc_column][\/vc_row]<\/p>\n","protected":false},"excerpt":{"rendered":"<p>[vc_row][vc_column][vc_single_image image=&#8221;561&#8243; img_size=&#8221;full&#8221;][\/vc_column][\/vc_row][vc_row][vc_column][vc_empty_space height=&#8221;30px&#8221;][\/vc_column][\/vc_row][vc_row][vc_column][vc_row_inner gap=&#8221;15&#8243;][vc_column_inner width=&#8221;1\/3&#8243;][vc_single_image image=&#8221;566&#8243; img_size=&#8221;400&#215;400&#8243; style=&#8221;vc_box_shadow&#8221;][\/vc_column_inner][vc_column_inner width=&#8221;1\/3&#8243;][vc_single_image image=&#8221;565&#8243; img_size=&#8221;400&#215;400&#8243; style=&#8221;vc_box_shadow&#8221;][\/vc_column_inner][vc_column_inner width=&#8221;1\/3&#8243;][vc_single_image image=&#8221;564&#8243; img_size=&#8221;400&#215;400&#8243; style=&#8221;vc_box_shadow&#8221;][\/vc_column_inner][\/vc_row_inner][vc_empty_space height=&#8221;10px&#8221;][vc_separator color=&#8221;custom&#8221; border_width=&#8221;2&#8243; el_width=&#8221;70&#8243; accent_color=&#8221;#13325e&#8221;][\/vc_column][\/vc_row][vc_row][vc_column][vc_row_inner gap=&#8221;15&#8243;][vc_column_inner width=&#8221;1\/3&#8243;][vc_single_image image=&#8221;570&#8243; img_size=&#8221;400&#215;400&#8243; style=&#8221;vc_box_shadow&#8221;][\/vc_column_inner][vc_column_inner width=&#8221;1\/3&#8243;][vc_single_image image=&#8221;571&#8243; img_size=&#8221;400&#215;400&#8243; style=&#8221;vc_box_shadow&#8221;][\/vc_column_inner][vc_column_inner width=&#8221;1\/3&#8243;][vc_single_image image=&#8221;573&#8243; img_size=&#8221;400&#215;400&#8243; style=&#8221;vc_box_shadow&#8221;][\/vc_column_inner][\/vc_row_inner][vc_empty_space height=&#8221;10px&#8221;][vc_separator color=&#8221;custom&#8221; border_width=&#8221;2&#8243; el_width=&#8221;70&#8243; accent_color=&#8221;#13325e&#8221;][\/vc_column][\/vc_row][vc_row][vc_column][vc_row_inner gap=&#8221;15&#8243;][vc_column_inner width=&#8221;1\/3&#8243;][vc_single_image image=&#8221;563&#8243; img_size=&#8221;400&#215;400&#8243; style=&#8221;vc_box_shadow&#8221;][\/vc_column_inner][vc_column_inner width=&#8221;1\/3&#8243;][vc_single_image image=&#8221;562&#8243; img_size=&#8221;400&#215;400&#8243; style=&#8221;vc_box_shadow&#8221;][\/vc_column_inner][vc_column_inner width=&#8221;1\/3&#8243;][vc_single_image image=&#8221;562&#8243; img_size=&#8221;400&#215;400&#8243; style=&#8221;vc_box_shadow&#8221;][\/vc_column_inner][\/vc_row_inner][vc_empty_space height=&#8221;10px&#8221;][vc_separator color=&#8221;custom&#8221;&hellip;<\/p>\n","protected":false},"author":2,"featured_media":0,"parent":0,"menu_order":0,"comment_status":"closed","ping_status":"closed","template":"","meta":[],"translation":{"provider":"WPGlobus","version":"2.8.6","language":"en","enabled_languages":["de","en"],"languages":{"de":{"title":true,"content":true,"excerpt":false},"en":{"title":true,"content":true,"excerpt":false}}},"_links":{"self":[{"href":"https:\/\/elfering-fleisch.com\/en\/wp-json\/wp\/v2\/pages\/473"}],"collection":[{"href":"https:\/\/elfering-fleisch.com\/en\/wp-json\/wp\/v2\/pages"}],"about":[{"href":"https:\/\/elfering-fleisch.com\/en\/wp-json\/wp\/v2\/types\/page"}],"author":[{"embeddable":true,"href":"https:\/\/elfering-fleisch.com\/en\/wp-json\/wp\/v2\/users\/2"}],"replies":[{"embeddable":true,"href":"https:\/\/elfering-fleisch.com\/en\/wp-json\/wp\/v2\/comments?post=473"}],"version-history":[{"count":21,"href":"https:\/\/elfering-fleisch.com\/en\/wp-json\/wp\/v2\/pages\/473\/revisions"}],"predecessor-version":[{"id":835,"href":"https:\/\/elfering-fleisch.com\/en\/wp-json\/wp\/v2\/pages\/473\/revisions\/835"}],"wp:attachment":[{"href":"https:\/\/elfering-fleisch.com\/en\/wp-json\/wp\/v2\/media?parent=473"}],"curies":[{"name":"wp","href":"https:\/\/api.w.org\/{rel}","templated":true}]}}