{"id":374,"date":"2020-08-15T05:07:42","date_gmt":"2020-08-15T05:07:42","guid":{"rendered":"https:\/\/elfering-fleisch.com\/?page_id=374"},"modified":"2021-11-09T14:25:05","modified_gmt":"2021-11-09T13:25:05","slug":"teilstuecke","status":"publish","type":"page","link":"https:\/\/elfering-fleisch.com\/en\/teilstuecke\/","title":{"rendered":"Teilst\u00fccke"},"content":{"rendered":"<p>[vc_row][vc_column][vc_single_image image=&#8221;568&#8243; img_size=&#8221;full&#8221;][\/vc_column][\/vc_row][vc_row][vc_column]<div id=\"ultimate-heading-30266a07609c94dec\" class=\"uvc-heading ult-adjust-bottom-margin ultimate-heading-30266a07609c94dec uvc-2519 \" data-hspacer=\"no_spacer\"  data-halign=\"left\" style=\"text-align:left\"><div class=\"uvc-heading-spacer no_spacer\" style=\"top\"><\/div><div class=\"uvc-main-heading ult-responsive\"  data-ultimate-target='.uvc-heading.ultimate-heading-30266a07609c94dec h2'  data-responsive-json-new='{\"font-size\":\"desktop:24px;\",\"line-height\":\"\"}' ><h2 style=\"font-family:&#039;Roboto&#039;;font-weight:700;color:#13325e;\">Teilst\u00fccke Eisbein, Pfoten, Kleinfleisch, B\u00e4ckchen<\/h2><\/div><div class=\"uvc-sub-heading ult-responsive\"  data-ultimate-target='.uvc-heading.ultimate-heading-30266a07609c94dec .uvc-sub-heading '  data-responsive-json-new='{\"font-size\":\"desktop:16px;\",\"line-height\":\"desktop:25px;\"}'  style=\"font-family:&#039;Roboto&#039;;font-weight:300;color:#000000;margin-top:15px;\">Elfering standardisiert Bauchrippen und Kotelettrippen in verschiedenen Zuschnitten. Ab 10 to k\u00f6nnen kundenspezifische Spezialschnitte realisiert werden. Alle Produkte werden regelm\u00e4\u00dfig durch externe Labore analysiert.<\/div><\/div>[vc_empty_space height=&#8221;30px&#8221;][\/vc_column][\/vc_row][vc_row][vc_column][vc_row_inner gap=&#8221;15&#8243;][vc_column_inner width=&#8221;1\/3&#8243;][vc_single_image image=&#8221;669&#8243; img_size=&#8221;400&#215;400&#8243; style=&#8221;vc_box_shadow&#8221;]<div id=\"ultimate-heading-61826a07609c94e7a\" class=\"uvc-heading ult-adjust-bottom-margin ultimate-heading-61826a07609c94e7a uvc-8923 \" data-hspacer=\"no_spacer\"  data-halign=\"left\" style=\"text-align:left\"><div class=\"uvc-heading-spacer no_spacer\" style=\"top\"><\/div><div class=\"uvc-main-heading ult-responsive\"  data-ultimate-target='.uvc-heading.ultimate-heading-61826a07609c94e7a h3'  data-responsive-json-new='{\"font-size\":\"desktop:24px;\",\"line-height\":\"\"}' ><h3 style=\"font-family:&#039;Roboto&#039;;font-weight:700;color:#13325e;\">Bonless pork neck<\/h3><\/div><div class=\"uvc-sub-heading ult-responsive\"  data-ultimate-target='.uvc-heading.ultimate-heading-61826a07609c94e7a .uvc-sub-heading '  data-responsive-json-new='{\"font-size\":\"desktop:16px;\",\"line-height\":\"desktop:25px;\"}'  style=\"font-family:&#039;Roboto&#039;;font-weight:300;color:#000000;margin-top:15px;\">Description: Boneless pork neck<\/p>\n<p>Grading:<\/p>\n<p>Microbiology: GKZ 1*10^5<\/p>\n<p>Primary packaging: Vacuum bag, individually packed<\/p>\n<p><a href=\"https:\/\/elfering-fleisch.com\/verpackungen\/\">Packaging:Export<\/a>: Wooden industrial pallet carton approx. 20 Kg catch weight<\/div><\/div>[\/vc_column_inner][vc_column_inner width=&#8221;1\/3&#8243;][vc_single_image image=&#8221;572&#8243; img_size=&#8221;400&#215;400&#8243; style=&#8221;vc_box_shadow&#8221;]<div id=\"ultimate-heading-53036a07609c94ecc\" class=\"uvc-heading ult-adjust-bottom-margin ultimate-heading-53036a07609c94ecc uvc-7986 \" data-hspacer=\"no_spacer\"  data-halign=\"left\" style=\"text-align:left\"><div class=\"uvc-heading-spacer no_spacer\" style=\"top\"><\/div><div class=\"uvc-main-heading ult-responsive\"  data-ultimate-target='.uvc-heading.ultimate-heading-53036a07609c94ecc h3'  data-responsive-json-new='{\"font-size\":\"desktop:24px;\",\"line-height\":\"\"}' ><h3 style=\"font-family:&#039;Roboto&#039;;font-weight:700;color:#13325e;\">pork fore hocks<\/h3><\/div><div class=\"uvc-sub-heading ult-responsive\"  data-ultimate-target='.uvc-heading.ultimate-heading-53036a07609c94ecc .uvc-sub-heading '  data-responsive-json-new='{\"font-size\":\"desktop:16px;\",\"line-height\":\"desktop:25px;\"}'  style=\"font-family:&#039;Roboto&#039;;font-weight:300;color:#000000;margin-top:15px;\">Description: pork fore hocks<\/p>\n<p>Grading:<\/p>\n<p>Microbiology: GKZ 1*10^5<\/p>\n<p>Primary packaging: PE Seitenbeutel , individually packed<\/p>\n<p><a href=\"https:\/\/elfering-fleisch.com\/verpackungen\/\">Packaging:Export<\/a>: Wooden industrial pallet carton approx. 20 Kg catch weight<\/div><\/div>[\/vc_column_inner][vc_column_inner width=&#8221;1\/3&#8243;][vc_single_image image=&#8221;670&#8243; img_size=&#8221;400&#215;400&#8243; style=&#8221;vc_box_shadow&#8221;]<div id=\"ultimate-heading-26176a07609c94efe\" class=\"uvc-heading ult-adjust-bottom-margin ultimate-heading-26176a07609c94efe uvc-153 \" data-hspacer=\"no_spacer\"  data-halign=\"left\" style=\"text-align:left\"><div class=\"uvc-heading-spacer no_spacer\" style=\"top\"><\/div><div class=\"uvc-main-heading ult-responsive\"  data-ultimate-target='.uvc-heading.ultimate-heading-26176a07609c94efe h3'  data-responsive-json-new='{\"font-size\":\"desktop:24px;\",\"line-height\":\"\"}' ><h3 style=\"font-family:&#039;Roboto&#039;;font-weight:700;color:#13325e;\">pork leg boneless 4D<\/h3><\/div><div class=\"uvc-sub-heading ult-responsive\"  data-ultimate-target='.uvc-heading.ultimate-heading-26176a07609c94efe .uvc-sub-heading '  data-responsive-json-new='{\"font-size\":\"desktop:16px;\",\"line-height\":\"desktop:25px;\"}'  style=\"font-family:&#039;Roboto&#039;;font-weight:300;color:#000000;margin-top:15px;\">Description: pork leg boneless 4D<\/p>\n<p>Grading:<\/p>\n<p>Microbiology: GKZ 1*10^5<\/p>\n<p>Primary packaging: PE Seitenbeutel , individually packed<\/p>\n<p><a href=\"https:\/\/elfering-fleisch.com\/verpackungen\/\">Packaging:Export<\/a>: Wooden industrial pallet carton approx. 20 Kg catch weight<\/div><\/div>[\/vc_column_inner][\/vc_row_inner][vc_empty_space height=&#8221;10px&#8221;][vc_separator color=&#8221;custom&#8221; border_width=&#8221;2&#8243; el_width=&#8221;70&#8243; accent_color=&#8221;#13325e&#8221;][\/vc_column][\/vc_row][vc_row][vc_column][vc_row_inner gap=&#8221;15&#8243;][vc_column_inner width=&#8221;1\/3&#8243;][vc_single_image image=&#8221;789&#8243; img_size=&#8221;400&#215;400&#8243; style=&#8221;vc_box_shadow&#8221;]<div id=\"ultimate-heading-44646a07609c94f29\" class=\"uvc-heading ult-adjust-bottom-margin ultimate-heading-44646a07609c94f29 uvc-7671 \" data-hspacer=\"no_spacer\"  data-halign=\"left\" style=\"text-align:left\"><div class=\"uvc-heading-spacer no_spacer\" style=\"top\"><\/div><div class=\"uvc-main-heading ult-responsive\"  data-ultimate-target='.uvc-heading.ultimate-heading-44646a07609c94f29 h3'  data-responsive-json-new='{\"font-size\":\"desktop:24px;\",\"line-height\":\"\"}' ><h3 style=\"font-family:&#039;Roboto&#039;;font-weight:700;color:#13325e;\">pork shoulder boneless 4D<\/h3><\/div><div class=\"uvc-sub-heading ult-responsive\"  data-ultimate-target='.uvc-heading.ultimate-heading-44646a07609c94f29 .uvc-sub-heading '  data-responsive-json-new='{\"font-size\":\"desktop:16px;\",\"line-height\":\"desktop:25px;\"}'  style=\"font-family:&#039;Roboto&#039;;font-weight:300;color:#000000;margin-top:15px;\">Description: pork shoulder boneless 4D<\/p>\n<p>Grading:<\/p>\n<p>Microbiology: GKZ 1*10^5<\/p>\n<p>Primary packaging: PE Seitenbeutel , individually packed<\/p>\n<p><a href=\"https:\/\/elfering-fleisch.com\/verpackungen\/\">Packaging:Export<\/a>: Wooden industrial pallet carton approx. 20 Kg catch weight<\/div><\/div>[\/vc_column_inner][vc_column_inner width=&#8221;1\/3&#8243;][vc_single_image image=&#8221;675&#8243; img_size=&#8221;400&#215;400&#8243; style=&#8221;vc_box_shadow&#8221;]<div id=\"ultimate-heading-23956a07609c94f54\" class=\"uvc-heading ult-adjust-bottom-margin ultimate-heading-23956a07609c94f54 uvc-4518 \" data-hspacer=\"no_spacer\"  data-halign=\"left\" style=\"text-align:left\"><div class=\"uvc-heading-spacer no_spacer\" style=\"top\"><\/div><div class=\"uvc-main-heading ult-responsive\"  data-ultimate-target='.uvc-heading.ultimate-heading-23956a07609c94f54 h3'  data-responsive-json-new='{\"font-size\":\"desktop:24px;\",\"line-height\":\"\"}' ><h3 style=\"font-family:&#039;Roboto&#039;;font-weight:700;color:#13325e;\">pork loin boneless<\/h3><\/div><div class=\"uvc-sub-heading ult-responsive\"  data-ultimate-target='.uvc-heading.ultimate-heading-23956a07609c94f54 .uvc-sub-heading '  data-responsive-json-new='{\"font-size\":\"desktop:16px;\",\"line-height\":\"desktop:25px;\"}'  style=\"font-family:&#039;Roboto&#039;;font-weight:300;color:#000000;margin-top:15px;\">description:: pork loin boneless, belly chain off, cap on<\/p>\n<p>Grading: geschiert<\/p>\n<p>Mikrobiologie: GKZ 1*10^5<\/p>\n<p>primary packaging: Vacuumbeutel, einzeln verpackt<\/p>\n<p><a href=\"https:\/\/elfering-fleisch.com\/verpackungen\/\">packaging<\/a>: Export: wooden industrial pallet carton ca. 20 Kg catch weight<\/div><\/div>[\/vc_column_inner][vc_column_inner width=&#8221;1\/3&#8243;][\/vc_column_inner][\/vc_row_inner][vc_empty_space height=&#8221;10px&#8221;][vc_separator color=&#8221;custom&#8221; border_width=&#8221;2&#8243; el_width=&#8221;70&#8243; accent_color=&#8221;#13325e&#8221;][\/vc_column][\/vc_row]<\/p>\n","protected":false},"excerpt":{"rendered":"<p>[vc_row][vc_column][vc_single_image image=&#8221;568&#8243; img_size=&#8221;full&#8221;][\/vc_column][\/vc_row][vc_row][vc_column][vc_empty_space height=&#8221;30px&#8221;][\/vc_column][\/vc_row][vc_row][vc_column][vc_row_inner gap=&#8221;15&#8243;][vc_column_inner width=&#8221;1\/3&#8243;][vc_single_image image=&#8221;669&#8243; img_size=&#8221;400&#215;400&#8243; style=&#8221;vc_box_shadow&#8221;][\/vc_column_inner][vc_column_inner width=&#8221;1\/3&#8243;][vc_single_image image=&#8221;572&#8243; img_size=&#8221;400&#215;400&#8243; style=&#8221;vc_box_shadow&#8221;][\/vc_column_inner][vc_column_inner width=&#8221;1\/3&#8243;][vc_single_image image=&#8221;670&#8243; img_size=&#8221;400&#215;400&#8243; style=&#8221;vc_box_shadow&#8221;][\/vc_column_inner][\/vc_row_inner][vc_empty_space height=&#8221;10px&#8221;][vc_separator color=&#8221;custom&#8221; border_width=&#8221;2&#8243; el_width=&#8221;70&#8243; accent_color=&#8221;#13325e&#8221;][\/vc_column][\/vc_row][vc_row][vc_column][vc_row_inner gap=&#8221;15&#8243;][vc_column_inner width=&#8221;1\/3&#8243;][vc_single_image image=&#8221;789&#8243; img_size=&#8221;400&#215;400&#8243; style=&#8221;vc_box_shadow&#8221;][\/vc_column_inner][vc_column_inner width=&#8221;1\/3&#8243;][vc_single_image image=&#8221;675&#8243; img_size=&#8221;400&#215;400&#8243; style=&#8221;vc_box_shadow&#8221;][\/vc_column_inner][vc_column_inner width=&#8221;1\/3&#8243;][\/vc_column_inner][\/vc_row_inner][vc_empty_space height=&#8221;10px&#8221;][vc_separator color=&#8221;custom&#8221; border_width=&#8221;2&#8243; el_width=&#8221;70&#8243; accent_color=&#8221;#13325e&#8221;][\/vc_column][\/vc_row]<\/p>\n","protected":false},"author":2,"featured_media":0,"parent":0,"menu_order":0,"comment_status":"closed","ping_status":"closed","template":"","meta":[],"translation":{"provider":"WPGlobus","version":"2.8.6","language":"en","enabled_languages":["de","en"],"languages":{"de":{"title":true,"content":true,"excerpt":false},"en":{"title":false,"content":true,"excerpt":false}}},"_links":{"self":[{"href":"https:\/\/elfering-fleisch.com\/en\/wp-json\/wp\/v2\/pages\/374"}],"collection":[{"href":"https:\/\/elfering-fleisch.com\/en\/wp-json\/wp\/v2\/pages"}],"about":[{"href":"https:\/\/elfering-fleisch.com\/en\/wp-json\/wp\/v2\/types\/page"}],"author":[{"embeddable":true,"href":"https:\/\/elfering-fleisch.com\/en\/wp-json\/wp\/v2\/users\/2"}],"replies":[{"embeddable":true,"href":"https:\/\/elfering-fleisch.com\/en\/wp-json\/wp\/v2\/comments?post=374"}],"version-history":[{"count":21,"href":"https:\/\/elfering-fleisch.com\/en\/wp-json\/wp\/v2\/pages\/374\/revisions"}],"predecessor-version":[{"id":821,"href":"https:\/\/elfering-fleisch.com\/en\/wp-json\/wp\/v2\/pages\/374\/revisions\/821"}],"wp:attachment":[{"href":"https:\/\/elfering-fleisch.com\/en\/wp-json\/wp\/v2\/media?parent=374"}],"curies":[{"name":"wp","href":"https:\/\/api.w.org\/{rel}","templated":true}]}}