{"id":351,"date":"2020-08-10T14:26:54","date_gmt":"2020-08-10T14:26:54","guid":{"rendered":"https:\/\/elfering-fleisch.com\/?page_id=351"},"modified":"2021-10-14T13:24:51","modified_gmt":"2021-10-14T11:24:51","slug":"home","status":"publish","type":"page","link":"https:\/\/elfering-fleisch.com\/en\/","title":{"rendered":"Home"},"content":{"rendered":"<p>[vc_row type=&#8221;vc_default&#8221; content_placement=&#8221;middle&#8221;][vc_column width=&#8221;1\/2&#8243;]<div id=\"ultimate-heading-796869d215dc7845a\" class=\"uvc-heading ult-adjust-bottom-margin ultimate-heading-796869d215dc7845a uvc-1494 \" data-hspacer=\"no_spacer\"  data-halign=\"left\" style=\"text-align:left\"><div class=\"uvc-heading-spacer no_spacer\" style=\"top\"><\/div><div class=\"uvc-main-heading ult-responsive\"  data-ultimate-target='.uvc-heading.ultimate-heading-796869d215dc7845a h2'  data-responsive-json-new='{\"font-size\":\"desktop:24px;\",\"line-height\":\"\"}' ><h2 style=\"font-family:&#039;Roboto&#039;;font-weight:700;color:#13325e;\">WILLKOMMEN BEI ELFERING FLEISCH IN AHAUS!<\/h2><\/div><div class=\"uvc-sub-heading ult-responsive\"  data-ultimate-target='.uvc-heading.ultimate-heading-796869d215dc7845a .uvc-sub-heading '  data-responsive-json-new='{\"font-size\":\"desktop:16px;\",\"line-height\":\"desktop:25px;\"}'  style=\"font-family:&#039;Roboto&#039;;font-weight:300;color:#000000;margin-top:15px;\">Wir sind ihr zuverl\u00e4ssiger Partner f\u00fcr frisches und gefrorenes Schweine \u2013 und Rindfleisch.<\/p>\n<p>Gegr\u00fcndet 1985 von den Br\u00fcdern Hermann\u2013Josef und Heinrich Elfering, wurde der Name Elfering Fleisch schnell zu einem weltweiten Siegel f\u00fcr Qualit\u00e4t mit einem guten Preis \u2013 Leistungsverh\u00e4ltnis. Denn hohes Niveau und gr\u00f6\u00dftm\u00f6gliche Flexibilit\u00e4t war von jeher Anspruch der Firmengr\u00fcnder.<\/p>\n<p>Angesiedelt im gr\u00f6ssten Fleischerzeugungsgebiet Deutschlands in Nordrhein \u2013 Westfalen, beliefert Elfering Fleisch<br \/>\nheute Kunden in \u00fcber <a href=\"https:\/\/elfering-fleisch.com\/exportlaender\/\">40 L\u00e4nder der Welt<\/a>. Der nach EU\u2013Norm zertifizierte Zerlegebetrieb (DE EZ 958 EG) verarbeitet im Schwerpunkt Schweine- und Rindfleisch.<\/p>\n<p>Die Zerlegung, <a href=\"https:\/\/elfering-fleisch.com\/verpackungen\/\">Verpackung<\/a>, Schockgefrierung und Tiefk\u00fchllagerung wird permanent durch das Kreisveterin\u00e4ramt Borken \u00fcberwacht und garantiert durch strengste Hygienerichtlinien stets die h\u00f6chste Qualit\u00e4t,<br \/>\nwie man es von Produkten \u201eMade in Germany\u201c erwartet.<\/p>\n<p>Sie m\u00f6chten mehr \u00fcber uns und unser Angebot erfahren? Gerne stellen wir uns auf den folgenden Seiten Ihnen vor.<br \/>\nUnsere <a href=\"https:\/\/elfering-fleisch.com\/kontakt\/\">Ansprechpartner<\/a> sind jederzeit gerne f\u00fcr Sie da. Wir freuen uns auf Sie!<\/div><\/div>[\/vc_column][vc_column width=&#8221;1\/2&#8243;][vc_single_image image=&#8221;453&#8243; img_size=&#8221;full&#8221;][\/vc_column][\/vc_row][vc_row][vc_column][vc_empty_space height=&#8221;50px&#8221;][\/vc_column][\/vc_row][vc_row type=&#8221;vc_default&#8221; bg_type=&#8221;bg_color&#8221; bg_override=&#8221;full&#8221; seperator_enable=&#8221;seperator_enable_value&#8221; seperator_type=&#8221;tilt_left_seperator&#8221; seperator_position=&#8221;top_bottom_seperator&#8221; seperator_svg_height=&#8221;50&#8243; seperator_shape_background=&#8221;#ffffff&#8221; bg_color_value=&#8221;#13325e&#8221;][vc_column][vc_empty_space height=&#8221;100px&#8221;]<div id=\"ultimate-heading-46469d215dc784d8\" class=\"uvc-heading ult-adjust-bottom-margin ultimate-heading-46469d215dc784d8 uvc-4048 \" data-hspacer=\"no_spacer\"  data-halign=\"center\" style=\"text-align:center\"><div class=\"uvc-heading-spacer no_spacer\" style=\"top\"><\/div><div class=\"uvc-main-heading ult-responsive\"  data-ultimate-target='.uvc-heading.ultimate-heading-46469d215dc784d8 h2'  data-responsive-json-new='{\"font-size\":\"desktop:24px;\",\"line-height\":\"\"}' ><h2 style=\"font-family:&#039;Roboto&#039;;font-weight:700;color:#ffffff;\">Elfering Export GMBH steht f\u00fcr:<\/h2><\/div><\/div>[vc_empty_space height=&#8221;10px&#8221;][vc_separator color=&#8221;white&#8221; border_width=&#8221;2&#8243; el_width=&#8221;50&#8243;][vc_empty_space height=&#8221;10px&#8221;][vc_row_inner gap=&#8221;35&#8243;][vc_column_inner width=&#8221;1\/4&#8243;][vc_single_image image=&#8221;424&#8243; img_size=&#8221;100&#215;100&#8243; alignment=&#8221;center&#8221;][vc_custom_heading text=&#8221;Produktvielfalt&#8221; font_container=&#8221;tag:h2|font_size:18|text_align:center|color:%23ffffff&#8221; google_fonts=&#8221;font_family:Roboto%3A100%2C100italic%2C300%2C300italic%2Cregular%2Citalic%2C500%2C500italic%2C700%2C700italic%2C900%2C900italic|font_style:500%20bold%20regular%3A500%3Anormal&#8221; css=&#8221;.vc_custom_1597477157639{margin-top: -30px !important;}&#8221;][\/vc_column_inner][vc_column_inner width=&#8221;1\/4&#8243;][vc_single_image image=&#8221;425&#8243; img_size=&#8221;100&#215;100&#8243; alignment=&#8221;center&#8221;][vc_custom_heading text=&#8221;Qualit\u00e4tsmanagement&#8221; font_container=&#8221;tag:h2|font_size:18|text_align:center|color:%23ffffff&#8221; google_fonts=&#8221;font_family:Roboto%3A100%2C100italic%2C300%2C300italic%2Cregular%2Citalic%2C500%2C500italic%2C700%2C700italic%2C900%2C900italic|font_style:500%20bold%20regular%3A500%3Anormal&#8221; css=&#8221;.vc_custom_1597477225981{margin-top: -30px !important;}&#8221;][\/vc_column_inner][vc_column_inner width=&#8221;1\/4&#8243;][vc_single_image image=&#8221;423&#8243; img_size=&#8221;100&#215;100&#8243; alignment=&#8221;center&#8221;][vc_custom_heading text=&#8221;Zeitgerechte Qualit\u00e4t&#8221; font_container=&#8221;tag:h2|font_size:18|text_align:center|color:%23ffffff&#8221; google_fonts=&#8221;font_family:Roboto%3A100%2C100italic%2C300%2C300italic%2Cregular%2Citalic%2C500%2C500italic%2C700%2C700italic%2C900%2C900italic|font_style:500%20bold%20regular%3A500%3Anormal&#8221; css=&#8221;.vc_custom_1597477264951{margin-top: -30px !important;}&#8221;][\/vc_column_inner][vc_column_inner width=&#8221;1\/4&#8243;][vc_single_image image=&#8221;422&#8243; img_size=&#8221;100&#215;100&#8243; alignment=&#8221;center&#8221;][vc_custom_heading text=&#8221;Internationale Logistik&#8221; font_container=&#8221;tag:h2|font_size:18|text_align:center|color:%23ffffff&#8221; google_fonts=&#8221;font_family:Roboto%3A100%2C100italic%2C300%2C300italic%2Cregular%2Citalic%2C500%2C500italic%2C700%2C700italic%2C900%2C900italic|font_style:500%20bold%20regular%3A500%3Anormal&#8221; css=&#8221;.vc_custom_1597477299597{margin-top: -30px !important;}&#8221;][\/vc_column_inner][\/vc_row_inner]<div class=\" ubtn-ctn-center \"><button type=\"button\" id=\"ubtn-2352\"  class=\"ubtn ult-adjust-bottom-margin ult-responsive ubtn-normal ubtn-no-hover-bg  none  ubtn-center   tooltip-69d215dc7850a\"  data-hover=\"#13325e\" data-border-color=\"\" data-bg=\"#ffffff\" data-hover-bg=\"#efefef\" data-border-hover=\"\" data-shadow-hover=\"\" data-shadow-click=\"none\" data-shadow=\"\" data-shd-shadow=\"\"  data-ultimate-target='#ubtn-2352'  data-responsive-json-new='{\"font-size\":\"desktop:14px;\",\"line-height\":\"\"}'  style=\"font-family:&#039;Roboto&#039;;font-weight:500;border:none;background: #ffffff;color: #13325e;\"><span class=\"ubtn-hover\" style=\"background-color:#efefef\"><\/span><span class=\"ubtn-data ubtn-text \" >mehr erfahren<\/span><\/button><\/div>[vc_empty_space height=&#8221;100px&#8221;][\/vc_column][\/vc_row][vc_row][vc_column]<div id=\"ultimate-heading-87269d215dc78593\" class=\"uvc-heading ult-adjust-bottom-margin ultimate-heading-87269d215dc78593 uvc-2444 \" data-hspacer=\"no_spacer\"  data-halign=\"left\" style=\"text-align:left\"><div class=\"uvc-heading-spacer no_spacer\" style=\"top\"><\/div><div class=\"uvc-main-heading ult-responsive\"  data-ultimate-target='.uvc-heading.ultimate-heading-87269d215dc78593 h2'  data-responsive-json-new='{\"font-size\":\"desktop:24px;\",\"line-height\":\"\"}' ><h2 style=\"font-family:&#039;Roboto&#039;;font-weight:700;color:#13325e;\">Standardisierung ist unser Gesch\u00e4ft<\/h2><\/div><div class=\"uvc-sub-heading ult-responsive\"  data-ultimate-target='.uvc-heading.ultimate-heading-87269d215dc78593 .uvc-sub-heading '  data-responsive-json-new='{\"font-size\":\"desktop:16px;\",\"line-height\":\"desktop:25px;\"}'  style=\"font-family:&#039;Roboto&#039;;font-weight:300;color:#000000;margin-top:15px;\">Elfering standardisiert Fleischzuschnitte f\u00fcr die verschiedenen Anwendungen in der Fleischwarenindustrie. <a href=\"https:\/\/elfering-fleisch.com\/mikrobiologie\/\">Mikrobiologische<\/a> und \/ oder analytische Anforderunegn werden durch exterene Labore regelm\u00e4\u00dfig kontrolliert. Ob es <a href=\"https:\/\/elfering-fleisch.com\/trimming\/\">Trimmings<\/a>, <a href=\"https:\/\/elfering-fleisch.com\/baader\/\">Baaderfleisch<\/a>, <a href=\"https:\/\/elfering-fleisch.com\/teilstuecke\/\">Teilst\u00fccke<\/a> oder <a href=\"https:\/\/elfering-fleisch.com\/fette\/\">Fette<\/a> sind, alle Produktgruppen werden nach<a href=\"https:\/\/elfering-fleisch.com\/683-2\/\"> BEFFE-Werten<\/a> auf Kundenwunsch analysiert.<\/div><\/div>[\/vc_column][\/vc_row][vc_row type=&#8221;vc_default&#8221; gap=&#8221;20&#8243;][vc_column width=&#8221;1\/3&#8243;]<div id=\"ultimate-heading-816369d215dc785cd\" class=\"uvc-heading ult-adjust-bottom-margin ultimate-heading-816369d215dc785cd uvc-8127 \" data-hspacer=\"no_spacer\"  data-halign=\"left\" style=\"text-align:left\"><div class=\"uvc-heading-spacer no_spacer\" style=\"top\"><\/div><div class=\"uvc-main-heading ult-responsive\"  data-ultimate-target='.uvc-heading.ultimate-heading-816369d215dc785cd h2'  data-responsive-json-new='{\"font-size\":\"desktop:24px;\",\"line-height\":\"\"}' ><h2 style=\"font-family:&#039;Roboto&#039;;font-weight:700;color:#13325e;\">Dienstleistung<\/h2><\/div><div class=\"uvc-sub-heading ult-responsive\"  data-ultimate-target='.uvc-heading.ultimate-heading-816369d215dc785cd .uvc-sub-heading '  data-responsive-json-new='{\"font-size\":\"desktop:16px;\",\"line-height\":\"desktop:25px;\"}'  style=\"font-family:&#039;Roboto&#039;;font-weight:300;color:#000000;margin-top:15px;\">No freezer of your own, no storage capacity? No problem. We prepare your goods for freezing. Whether in cartons, E2 crates or bare blocks. State-of-the-art cooling and processing technology guarantees an optimal product.<\/div><\/div>[\/vc_column][vc_column width=&#8221;1\/3&#8243;]<div id=\"ultimate-heading-428669d215dc785fa\" class=\"uvc-heading ult-adjust-bottom-margin ultimate-heading-428669d215dc785fa uvc-1365 \" data-hspacer=\"no_spacer\"  data-halign=\"left\" style=\"text-align:left\"><div class=\"uvc-heading-spacer no_spacer\" style=\"top\"><\/div><div class=\"uvc-main-heading ult-responsive\"  data-ultimate-target='.uvc-heading.ultimate-heading-428669d215dc785fa h2'  data-responsive-json-new='{\"font-size\":\"desktop:24px;\",\"line-height\":\"\"}' ><h2 style=\"font-family:&#039;Roboto&#039;;font-weight:700;color:#13325e;\">Standardisierung von Abschnitten<\/h2><\/div><div class=\"uvc-sub-heading ult-responsive\"  data-ultimate-target='.uvc-heading.ultimate-heading-428669d215dc785fa .uvc-sub-heading '  data-responsive-json-new='{\"font-size\":\"desktop:16px;\",\"line-height\":\"desktop:25px;\"}'  style=\"font-family:&#039;Roboto&#039;;font-weight:300;color:#000000;margin-top:15px;\">Verarbeitungsabschnitte zur Wurstwarenherstellung, Knorpel, Sehnen, etc.<\/div><\/div>[\/vc_column][vc_column width=&#8221;1\/3&#8243;]<div id=\"ultimate-heading-339469d215dc7863b\" class=\"uvc-heading ult-adjust-bottom-margin ultimate-heading-339469d215dc7863b uvc-3661 \" data-hspacer=\"no_spacer\"  data-halign=\"left\" style=\"text-align:left\"><div class=\"uvc-heading-spacer no_spacer\" style=\"top\"><\/div><div class=\"uvc-main-heading ult-responsive\"  data-ultimate-target='.uvc-heading.ultimate-heading-339469d215dc7863b h2'  data-responsive-json-new='{\"font-size\":\"desktop:24px;\",\"line-height\":\"\"}' ><h2 style=\"font-family:&#039;Roboto&#039;;font-weight:700;color:#13325e;\">Tiernahrung<\/h2><\/div><div class=\"uvc-sub-heading ult-responsive\"  data-ultimate-target='.uvc-heading.ultimate-heading-339469d215dc7863b .uvc-sub-heading '  data-responsive-json-new='{\"font-size\":\"desktop:16px;\",\"line-height\":\"desktop:25px;\"}'  style=\"font-family:&#039;Roboto&#039;;font-weight:300;color:#000000;margin-top:15px;\">For quality animal feed, we supply many beef products according to food standards as individual assortments or according to customer-specific recipes.<\/div><\/div>[\/vc_column][\/vc_row]<\/p>\n","protected":false},"excerpt":{"rendered":"<p>[vc_row type=&#8221;vc_default&#8221; content_placement=&#8221;middle&#8221;][vc_column width=&#8221;1\/2&#8243;][\/vc_column][vc_column width=&#8221;1\/2&#8243;][vc_single_image image=&#8221;453&#8243; img_size=&#8221;full&#8221;][\/vc_column][\/vc_row][vc_row][vc_column][vc_empty_space height=&#8221;50px&#8221;][\/vc_column][\/vc_row][vc_row type=&#8221;vc_default&#8221; bg_type=&#8221;bg_color&#8221; bg_override=&#8221;full&#8221; seperator_enable=&#8221;seperator_enable_value&#8221; seperator_type=&#8221;tilt_left_seperator&#8221; seperator_position=&#8221;top_bottom_seperator&#8221; seperator_svg_height=&#8221;50&#8243; seperator_shape_background=&#8221;#ffffff&#8221; bg_color_value=&#8221;#13325e&#8221;][vc_column][vc_empty_space height=&#8221;100px&#8221;][vc_empty_space height=&#8221;10px&#8221;][vc_separator color=&#8221;white&#8221; border_width=&#8221;2&#8243; el_width=&#8221;50&#8243;][vc_empty_space height=&#8221;10px&#8221;][vc_row_inner gap=&#8221;35&#8243;][vc_column_inner width=&#8221;1\/4&#8243;][vc_single_image image=&#8221;424&#8243; img_size=&#8221;100&#215;100&#8243; alignment=&#8221;center&#8221;][vc_custom_heading text=&#8221;Produktvielfalt&#8221; font_container=&#8221;tag:h2|font_size:18|text_align:center|color:%23ffffff&#8221; google_fonts=&#8221;font_family:Roboto%3A100%2C100italic%2C300%2C300italic%2Cregular%2Citalic%2C500%2C500italic%2C700%2C700italic%2C900%2C900italic|font_style:500%20bold%20regular%3A500%3Anormal&#8221; css=&#8221;.vc_custom_1597477157639{margin-top: -30px !important;}&#8221;][\/vc_column_inner][vc_column_inner width=&#8221;1\/4&#8243;][vc_single_image image=&#8221;425&#8243; img_size=&#8221;100&#215;100&#8243; alignment=&#8221;center&#8221;][vc_custom_heading text=&#8221;Qualit\u00e4tsmanagement&#8221; font_container=&#8221;tag:h2|font_size:18|text_align:center|color:%23ffffff&#8221; google_fonts=&#8221;font_family:Roboto%3A100%2C100italic%2C300%2C300italic%2Cregular%2Citalic%2C500%2C500italic%2C700%2C700italic%2C900%2C900italic|font_style:500%20bold%20regular%3A500%3Anormal&#8221; css=&#8221;.vc_custom_1597477225981{margin-top: -30px !important;}&#8221;][\/vc_column_inner][vc_column_inner width=&#8221;1\/4&#8243;][vc_single_image image=&#8221;423&#8243; img_size=&#8221;100&#215;100&#8243; alignment=&#8221;center&#8221;][vc_custom_heading text=&#8221;Zeitgerechte Qualit\u00e4t&#8221; font_container=&#8221;tag:h2|font_size:18|text_align:center|color:%23ffffff&#8221; google_fonts=&#8221;font_family:Roboto%3A100%2C100italic%2C300%2C300italic%2Cregular%2Citalic%2C500%2C500italic%2C700%2C700italic%2C900%2C900italic|font_style:500%20bold%20regular%3A500%3Anormal&#8221; css=&#8221;.vc_custom_1597477264951{margin-top: -30px !important;}&#8221;][\/vc_column_inner][vc_column_inner&hellip;<\/p>\n","protected":false},"author":2,"featured_media":0,"parent":0,"menu_order":0,"comment_status":"closed","ping_status":"closed","template":"","meta":[],"translation":{"provider":"WPGlobus","version":"2.8.6","language":"en","enabled_languages":["de","en"],"languages":{"de":{"title":true,"content":true,"excerpt":false},"en":{"title":false,"content":true,"excerpt":false}}},"_links":{"self":[{"href":"https:\/\/elfering-fleisch.com\/en\/wp-json\/wp\/v2\/pages\/351"}],"collection":[{"href":"https:\/\/elfering-fleisch.com\/en\/wp-json\/wp\/v2\/pages"}],"about":[{"href":"https:\/\/elfering-fleisch.com\/en\/wp-json\/wp\/v2\/types\/page"}],"author":[{"embeddable":true,"href":"https:\/\/elfering-fleisch.com\/en\/wp-json\/wp\/v2\/users\/2"}],"replies":[{"embeddable":true,"href":"https:\/\/elfering-fleisch.com\/en\/wp-json\/wp\/v2\/comments?post=351"}],"version-history":[{"count":51,"href":"https:\/\/elfering-fleisch.com\/en\/wp-json\/wp\/v2\/pages\/351\/revisions"}],"predecessor-version":[{"id":783,"href":"https:\/\/elfering-fleisch.com\/en\/wp-json\/wp\/v2\/pages\/351\/revisions\/783"}],"wp:attachment":[{"href":"https:\/\/elfering-fleisch.com\/en\/wp-json\/wp\/v2\/media?parent=351"}],"curies":[{"name":"wp","href":"https:\/\/api.w.org\/{rel}","templated":true}]}}